{"id":1419,"date":"2015-02-23T18:56:31","date_gmt":"2015-02-23T17:56:31","guid":{"rendered":"http:\/\/www.bedizzolemarchingband.it\/?page_id=1419"},"modified":"2023-03-31T15:25:07","modified_gmt":"2023-03-31T13:25:07","slug":"la-nostra-storia","status":"publish","type":"page","link":"https:\/\/www.bedizzolemarchingband.it\/it\/chi-siamo\/la-nostra-storia\/","title":{"rendered":"La nostra storia"},"content":{"rendered":"<p><a title=\"La nostra storia\" href=\"https:\/\/www.bedizzolemarchingband.it\/chi-siamo\/la-nostra-storia\/\">&laquo;&laquo; Scopri la Bedizzole Marching Band oggi.<\/a><\/p>\n<p><strong>L\u2019odierna Bedizzole Marching Band, composta da suonatori e color guard, nacque nel lontano 1880 come<br \/>\nbanda musicale cittadina.<\/strong> Lo scopo allora prefissato era quello di allietare periodicamente la cittadinanza bedizzolese in occasione di cerimonie religiose e festeggiamenti locali.<\/p>\n<p><img loading=\"lazy\" class=\"alignleft wp-image-1424 size-medium\" style=\"margin-top: 0px;\" src=\"http:\/\/www.bedizzolemarchingband.it\/wp-content\/uploads\/2015\/02\/chi-siamo-foto-storica-520x324.jpg\" alt=\"Bedizzole Marching Band foto storica\" width=\"300\" height=\"186\" srcset=\"https:\/\/www.bedizzolemarchingband.it\/wp-content\/uploads\/2015\/02\/chi-siamo-foto-storica-520x324.jpg 520w, https:\/\/www.bedizzolemarchingband.it\/wp-content\/uploads\/2015\/02\/chi-siamo-foto-storica-680x423.jpg 680w, https:\/\/www.bedizzolemarchingband.it\/wp-content\/uploads\/2015\/02\/chi-siamo-foto-storica.jpg 2048w\" sizes=\"(max-width: 300px) 100vw, 300px\" \/><em>Essa non interruppe mai la propria attivit\u00e0 essendo presente non solo alle pi\u00f9 importanti manifestazioni di Bedizzole ma anche nei comuni limitrofi, in quanto non era presente una banda locale.<\/em><\/p>\n<p>A partire dagli anni &#8217;50 essa assunse sempre pi\u00f9 i caratteri di un gruppo concertistico aumentando notevolmente il proprio organico ed i consensi a livello interprovinciale. Fino agli anni &#8217;90 essa mantenne una situazione di stasi cercando di sopravvivere alla penuria di giovani musicanti pronti a mettersi in gioco. Per fronteggiare questo gravoso problema nel 2004 si diede vita ad un grande progetto: l&#8217;Accademia Musicale per giovani ragazzi, un&#8217; iniziativa di notevole successo per la partecipazione e i risultati raggiunti grazie all&#8217;entusiasmo degli insegnanti, allievi, genitori e ovviamente del fautore di questo avvenieristico progetto: Aldo Bettini.<\/p>\n<span class=\"highlight2\">Fu questa brillante e fantasiosa personalit\u00e0 che nel 2006 immagin\u00f2 un futuro pi\u00f9 ambizioso per questo corpo bandistico.<\/span>\n<p><a href=\"http:\/\/www.bedizzolemarchingband.it\/wp-content\/uploads\/2015\/02\/chi-siamo-foto-oggi.jpg\" class=\"pretty_image\" data-rel=\"prettyPhoto[1419]\"><img loading=\"lazy\" class=\"alignright wp-image-1423 size-medium\" style=\"margin-top: 0px;\" src=\"http:\/\/www.bedizzolemarchingband.it\/wp-content\/uploads\/2015\/02\/chi-siamo-foto-oggi-520x233.jpg\" alt=\"Bedizzole Marching Band oggi\" width=\"300\" height=\"134\" srcset=\"https:\/\/www.bedizzolemarchingband.it\/wp-content\/uploads\/2015\/02\/chi-siamo-foto-oggi-520x233.jpg 520w, https:\/\/www.bedizzolemarchingband.it\/wp-content\/uploads\/2015\/02\/chi-siamo-foto-oggi-680x305.jpg 680w, https:\/\/www.bedizzolemarchingband.it\/wp-content\/uploads\/2015\/02\/chi-siamo-foto-oggi.jpg 1024w\" sizes=\"(max-width: 300px) 100vw, 300px\" \/><\/a>Egli propose un nuovo modo di essere banda, nel quale essa si trasformava da semplice elemento di contorno negli eventi pubblici a vera e propria protagonista: nacque cos\u00ec con il plauso di tutti i componenti la BEDIZZOLE MARCHING BAND.<\/p>\n<p>Da subito la Bedizzole marching Show Band ha iniziato a partecipare al campionato italiano della IMSB raggiungendo ottimi risultati dal punto di vista della crescita del gruppo sia a livello musicale che formale. Una della pi\u00f9 grandi soddisfazioni dei nostri ragazzi \u00e8 stata quella di assaporare il piacere di innumerevoli inviti su tutto il territorio nazionale ed estero, in Francia in modo particolare per parate, carnevali, manifestazioni di vario tipo e festival musicali.<\/p>\n<p>Nel 2017 con grande entusiasmo \u00e8 avvenuto un ulteriore cambiamento con l\u2019elezione del nuovo presidente, Matteo Rebecchi, insieme al nuovo Drum Major, Laura Alberti, tutti e due giovanissimi e cresciuti nel vivaio marching fin da piccoli. Sempre in quell\u2019anno il gruppo, per compiere un\u2019ulteriore crescita musicale e formale, si \u00e8 affidato ad un maestro americano proveniente dall\u2019Oregon, Preston Howard, restato in Italia presso Bedizzole per ben un mese insegnando molto, facendo capire cosa significa veramente fare Marching Band in America e facendo fare al nostro gruppo un\u2019esperienza bellissima, unica, molto entusiasmante e divertente per tutti i ragazzi.<\/p>\n<p>Nel 2019 \u00e8 stato avviato poi un progetto di crescita musicale, facendo affidamento al neo maestro Nicola Orsato, oggi attuale Band director e drum major, e, sempre nel 2019, la Bedizzole Marching Band ha partecipato ad un grandissimo festival internazionale presso la citt\u00e0 di Bucarest.<\/p>\n<p>Nel 2020, durante il periodo del lockdown, i membri della Bedizzole marching band e dell\u2019accademia musicale si sono tenuti in costante contatto mediante videocall, lezioni di musica online (per quanto possibile) e la realizzazione di video musicali, necessari per mantenere le relazioni nel delicatissimo periodo.<\/p>\n","protected":false},"excerpt":{"rendered":"<p>&laquo;&laquo; Scopri la Bedizzole Marching Band oggi. L\u2019odierna Bedizzole Marching Band, composta da suonatori e color guard, nacque nel lontano 1880 come banda musicale cittadina. Lo scopo allora prefissato era&#8230;<\/p>\n","protected":false},"author":3,"featured_media":0,"parent":1393,"menu_order":0,"comment_status":"closed","ping_status":"open","template":"","meta":[],"yoast_head":"<!-- This site is optimized with the Yoast SEO plugin v18.1 - https:\/\/yoast.com\/wordpress\/plugins\/seo\/ -->\n<meta name=\"robots\" content=\"index, follow, max-snippet:-1, max-image-preview:large, max-video-preview:-1\" \/>\n<link rel=\"canonical\" href=\"https:\/\/www.bedizzolemarchingband.it\/it\/chi-siamo\/la-nostra-storia\/\" \/>\n<meta property=\"og:locale\" content=\"it_IT\" \/>\n<meta property=\"og:type\" content=\"article\" \/>\n<meta property=\"og:title\" content=\"Our historyLa nostra storia - Bedizzole Marching Band\" \/>\n<meta property=\"og:description\" content=\"&laquo;&laquo; Scopri la Bedizzole Marching Band oggi. L\u2019odierna Bedizzole Marching Band, composta da suonatori e color guard, nacque nel lontano 1880 come banda musicale cittadina. Lo scopo allora prefissato era...\" \/>\n<meta property=\"og:url\" content=\"https:\/\/www.bedizzolemarchingband.it\/it\/chi-siamo\/la-nostra-storia\/\" \/>\n<meta property=\"og:site_name\" content=\"Bedizzole Marching Band\" \/>\n<meta property=\"article:publisher\" content=\"https:\/\/www.facebook.com\/bedizzolemarchingband\" \/>\n<meta property=\"article:modified_time\" content=\"2023-03-31T13:25:07+00:00\" \/>\n<meta property=\"og:image\" content=\"http:\/\/www.bedizzolemarchingband.it\/wp-content\/uploads\/2015\/02\/chi-siamo-foto-storica-520x324.jpg\" \/>\n<meta name=\"twitter:label1\" content=\"Tempo di lettura stimato\" \/>\n\t<meta name=\"twitter:data1\" content=\"5 minuti\" \/>\n<script type=\"application\/ld+json\" class=\"yoast-schema-graph\">{\"@context\":\"https:\/\/schema.org\",\"@graph\":[{\"@type\":\"WebSite\",\"@id\":\"https:\/\/www.bedizzolemarchingband.it\/it\/#website\",\"url\":\"https:\/\/www.bedizzolemarchingband.it\/it\/\",\"name\":\"Bedizzole Marching Band\",\"description\":\"\",\"potentialAction\":[{\"@type\":\"SearchAction\",\"target\":{\"@type\":\"EntryPoint\",\"urlTemplate\":\"https:\/\/www.bedizzolemarchingband.it\/it\/?s={search_term_string}\"},\"query-input\":\"required name=search_term_string\"}],\"inLanguage\":\"it-IT\"},{\"@type\":\"ImageObject\",\"@id\":\"https:\/\/www.bedizzolemarchingband.it\/it\/chi-siamo\/la-nostra-storia\/#primaryimage\",\"inLanguage\":\"it-IT\",\"url\":\"http:\/\/www.bedizzolemarchingband.it\/wp-content\/uploads\/2015\/02\/chi-siamo-foto-storica-520x324.jpg\",\"contentUrl\":\"http:\/\/www.bedizzolemarchingband.it\/wp-content\/uploads\/2015\/02\/chi-siamo-foto-storica-520x324.jpg\"},{\"@type\":\"WebPage\",\"@id\":\"https:\/\/www.bedizzolemarchingband.it\/it\/chi-siamo\/la-nostra-storia\/#webpage\",\"url\":\"https:\/\/www.bedizzolemarchingband.it\/it\/chi-siamo\/la-nostra-storia\/\",\"name\":\"Our historyLa nostra storia - Bedizzole Marching Band\",\"isPartOf\":{\"@id\":\"https:\/\/www.bedizzolemarchingband.it\/it\/#website\"},\"primaryImageOfPage\":{\"@id\":\"https:\/\/www.bedizzolemarchingband.it\/it\/chi-siamo\/la-nostra-storia\/#primaryimage\"},\"datePublished\":\"2015-02-23T17:56:31+00:00\",\"dateModified\":\"2023-03-31T13:25:07+00:00\",\"breadcrumb\":{\"@id\":\"https:\/\/www.bedizzolemarchingband.it\/it\/chi-siamo\/la-nostra-storia\/#breadcrumb\"},\"inLanguage\":\"it-IT\",\"potentialAction\":[{\"@type\":\"ReadAction\",\"target\":[\"https:\/\/www.bedizzolemarchingband.it\/it\/chi-siamo\/la-nostra-storia\/\"]}]},{\"@type\":\"BreadcrumbList\",\"@id\":\"https:\/\/www.bedizzolemarchingband.it\/it\/chi-siamo\/la-nostra-storia\/#breadcrumb\",\"itemListElement\":[{\"@type\":\"ListItem\",\"position\":1,\"name\":\"Home\",\"item\":\"https:\/\/www.bedizzolemarchingband.it\/it\/\"},{\"@type\":\"ListItem\",\"position\":2,\"name\":\"Chi Siamo\",\"item\":\"https:\/\/www.bedizzolemarchingband.it\/it\/chi-siamo\/\"},{\"@type\":\"ListItem\",\"position\":3,\"name\":\"La nostra storia\"}]}]}<\/script>\n<!-- \/ Yoast SEO plugin. -->","yoast_head_json":{"robots":{"index":"index","follow":"follow","max-snippet":"max-snippet:-1","max-image-preview":"max-image-preview:large","max-video-preview":"max-video-preview:-1"},"canonical":"https:\/\/www.bedizzolemarchingband.it\/it\/chi-siamo\/la-nostra-storia\/","og_locale":"it_IT","og_type":"article","og_title":"Our historyLa nostra storia - Bedizzole Marching Band","og_description":"&laquo;&laquo; Scopri la Bedizzole Marching Band oggi. L\u2019odierna Bedizzole Marching Band, composta da suonatori e color guard, nacque nel lontano 1880 come banda musicale cittadina. Lo scopo allora prefissato era...","og_url":"https:\/\/www.bedizzolemarchingband.it\/it\/chi-siamo\/la-nostra-storia\/","og_site_name":"Bedizzole Marching Band","article_publisher":"https:\/\/www.facebook.com\/bedizzolemarchingband","article_modified_time":"2023-03-31T13:25:07+00:00","og_image":[{"url":"http:\/\/www.bedizzolemarchingband.it\/wp-content\/uploads\/2015\/02\/chi-siamo-foto-storica-520x324.jpg"}],"twitter_misc":{"Tempo di lettura stimato":"5 minuti"},"schema":{"@context":"https:\/\/schema.org","@graph":[{"@type":"WebSite","@id":"https:\/\/www.bedizzolemarchingband.it\/it\/#website","url":"https:\/\/www.bedizzolemarchingband.it\/it\/","name":"Bedizzole Marching Band","description":"","potentialAction":[{"@type":"SearchAction","target":{"@type":"EntryPoint","urlTemplate":"https:\/\/www.bedizzolemarchingband.it\/it\/?s={search_term_string}"},"query-input":"required name=search_term_string"}],"inLanguage":"it-IT"},{"@type":"ImageObject","@id":"https:\/\/www.bedizzolemarchingband.it\/it\/chi-siamo\/la-nostra-storia\/#primaryimage","inLanguage":"it-IT","url":"http:\/\/www.bedizzolemarchingband.it\/wp-content\/uploads\/2015\/02\/chi-siamo-foto-storica-520x324.jpg","contentUrl":"http:\/\/www.bedizzolemarchingband.it\/wp-content\/uploads\/2015\/02\/chi-siamo-foto-storica-520x324.jpg"},{"@type":"WebPage","@id":"https:\/\/www.bedizzolemarchingband.it\/it\/chi-siamo\/la-nostra-storia\/#webpage","url":"https:\/\/www.bedizzolemarchingband.it\/it\/chi-siamo\/la-nostra-storia\/","name":"Our historyLa nostra storia - Bedizzole Marching Band","isPartOf":{"@id":"https:\/\/www.bedizzolemarchingband.it\/it\/#website"},"primaryImageOfPage":{"@id":"https:\/\/www.bedizzolemarchingband.it\/it\/chi-siamo\/la-nostra-storia\/#primaryimage"},"datePublished":"2015-02-23T17:56:31+00:00","dateModified":"2023-03-31T13:25:07+00:00","breadcrumb":{"@id":"https:\/\/www.bedizzolemarchingband.it\/it\/chi-siamo\/la-nostra-storia\/#breadcrumb"},"inLanguage":"it-IT","potentialAction":[{"@type":"ReadAction","target":["https:\/\/www.bedizzolemarchingband.it\/it\/chi-siamo\/la-nostra-storia\/"]}]},{"@type":"BreadcrumbList","@id":"https:\/\/www.bedizzolemarchingband.it\/it\/chi-siamo\/la-nostra-storia\/#breadcrumb","itemListElement":[{"@type":"ListItem","position":1,"name":"Home","item":"https:\/\/www.bedizzolemarchingband.it\/it\/"},{"@type":"ListItem","position":2,"name":"Chi Siamo","item":"https:\/\/www.bedizzolemarchingband.it\/it\/chi-siamo\/"},{"@type":"ListItem","position":3,"name":"La nostra storia"}]}]}},"_links":{"self":[{"href":"https:\/\/www.bedizzolemarchingband.it\/it\/wp-json\/wp\/v2\/pages\/1419"}],"collection":[{"href":"https:\/\/www.bedizzolemarchingband.it\/it\/wp-json\/wp\/v2\/pages"}],"about":[{"href":"https:\/\/www.bedizzolemarchingband.it\/it\/wp-json\/wp\/v2\/types\/page"}],"author":[{"embeddable":true,"href":"https:\/\/www.bedizzolemarchingband.it\/it\/wp-json\/wp\/v2\/users\/3"}],"replies":[{"embeddable":true,"href":"https:\/\/www.bedizzolemarchingband.it\/it\/wp-json\/wp\/v2\/comments?post=1419"}],"version-history":[{"count":20,"href":"https:\/\/www.bedizzolemarchingband.it\/it\/wp-json\/wp\/v2\/pages\/1419\/revisions"}],"predecessor-version":[{"id":3672,"href":"https:\/\/www.bedizzolemarchingband.it\/it\/wp-json\/wp\/v2\/pages\/1419\/revisions\/3672"}],"up":[{"embeddable":true,"href":"https:\/\/www.bedizzolemarchingband.it\/it\/wp-json\/wp\/v2\/pages\/1393"}],"wp:attachment":[{"href":"https:\/\/www.bedizzolemarchingband.it\/it\/wp-json\/wp\/v2\/media?parent=1419"}],"curies":[{"name":"wp","href":"https:\/\/api.w.org\/{rel}","templated":true}]}}